{"id":428,"date":"2012-09-03T18:23:39","date_gmt":"2012-09-03T16:23:39","guid":{"rendered":"http:\/\/www.navicom.nl\/?page_id=428"},"modified":"2022-05-31T15:52:04","modified_gmt":"2022-05-31T13:52:04","slug":"bouwmaterieel","status":"publish","type":"page","link":"http:\/\/www.navicom.nl\/?page_id=428","title":{"rendered":"Bouwmaterieel"},"content":{"rendered":"\n<p>Behalve voor het afdekken van een dode hoek worden camera&#8217;s ook veel gebruikt om tijdens het laden en lossen te kijken of het werk goed gedaan kan worden bijvoorbeeld tijdens het legen van een zandschip, niet altijd kan de machinist zijn werk goed overzien. Een paar mogelijkheden op een rijtje:<\/p>\n\n\n\n<hr class=\"wp-block-separator has-alpha-channel-opacity\"\/>\n\n\n<div class=\"wp-block-image\">\n<figure class=\"alignleft\"><a href=\"http:\/\/www.navicom.nl\/wp-content\/uploads\/2020\/09\/Bandenwals.jpg\"><img loading=\"lazy\" decoding=\"async\" width=\"300\" height=\"239\" src=\"http:\/\/www.navicom.nl\/wp-content\/uploads\/2020\/09\/Bandenwals-300x239.jpg\" alt=\"\" class=\"wp-image-743\" srcset=\"http:\/\/www.navicom.nl\/wp-content\/uploads\/2020\/09\/Bandenwals-300x239.jpg 300w, http:\/\/www.navicom.nl\/wp-content\/uploads\/2020\/09\/Bandenwals-1024x817.jpg 1024w, http:\/\/www.navicom.nl\/wp-content\/uploads\/2020\/09\/Bandenwals-768x613.jpg 768w, http:\/\/www.navicom.nl\/wp-content\/uploads\/2020\/09\/Bandenwals.jpg 1417w\" sizes=\"auto, (max-width: 300px) 100vw, 300px\" \/><\/a><\/figure>\n<\/div>\n\n\n<p>Op deze wals hebben wij een camera geplaatst met monitor geplaatst. Veiligheid staat voorop in de bouw vandaag de dag<\/p>\n\n\n\n<p><\/p>\n\n\n\n<p><\/p>\n\n\n\n<p><\/p>\n\n\n\n<p><\/p>\n\n\n<div class=\"wp-block-image\">\n<figure class=\"alignleft\"><a href=\"http:\/\/www.navicom.nl\/wp-content\/uploads\/2012\/09\/Shovelcamera.jpg\"><img loading=\"lazy\" decoding=\"async\" width=\"300\" height=\"235\" src=\"http:\/\/www.navicom.nl\/wp-content\/uploads\/2012\/09\/Shovelcamera-300x235.jpg\" alt=\"\" class=\"wp-image-322\" title=\"Shovelcamera\" srcset=\"http:\/\/www.navicom.nl\/wp-content\/uploads\/2012\/09\/Shovelcamera-300x235.jpg 300w, http:\/\/www.navicom.nl\/wp-content\/uploads\/2012\/09\/Shovelcamera.jpg 453w\" sizes=\"auto, (max-width: 300px) 100vw, 300px\" \/><\/a><\/figure>\n<\/div>\n\n\n<p>&#8212;&#8212;&#8212;&#8212;&#8212;&#8212;&#8212;&#8212;&#8212;&#8212;&#8212;&#8212;&#8212;&#8212;&#8212;&#8212;&#8212;&#8212;&#8212;&#8212;&#8212;&#8212;&#8212;&#8212;&#8212;&#8212;&#8212;&#8212;&#8212;-<\/p>\n\n\n\n<p><\/p>\n\n\n<div class=\"wp-block-image\">\n<figure class=\"alignleft\"><a href=\"http:\/\/www.navicom.nl\/wp-content\/uploads\/2012\/09\/2monitorenZonnekap.jpg\"><img loading=\"lazy\" decoding=\"async\" width=\"226\" height=\"300\" src=\"http:\/\/www.navicom.nl\/wp-content\/uploads\/2012\/09\/2monitorenZonnekap-226x300.jpg\" alt=\"\" class=\"wp-image-315\" title=\"2monitorenZonnekap\" srcset=\"http:\/\/www.navicom.nl\/wp-content\/uploads\/2012\/09\/2monitorenZonnekap-226x300.jpg 226w, http:\/\/www.navicom.nl\/wp-content\/uploads\/2012\/09\/2monitorenZonnekap.jpg 473w\" sizes=\"auto, (max-width: 226px) 100vw, 226px\" \/><\/a><\/figure>\n<\/div>\n\n\n<p>&#8212;&#8212;&#8212;&#8212;&#8212;&#8212;&#8212;&#8212;&#8212;&#8212;&#8212;&#8212;&#8212;&#8212;&#8212;&#8212;&#8212;&#8212;&#8212;&#8212;&#8212;&#8212;&#8212;&#8212;&#8212;&#8212;&#8212;&#8212;&#8212;&#8211;<\/p>\n\n\n\n<p>Op deze kraanponton met 2 monitoren met zonnekap tegen zon-inval zijn 3 camera&#8217;s aangesloten waarvan er \u00e9\u00e9n op de giek gemonteerd zit en de andere 2 camera houden de achterkant van het schip in de gaten waarvan er \u00e9\u00e9n op de spudpaal staat. De machinist kan deze anders niet zien als hij moet manoeuvreren.<\/p>\n\n\n\n<hr class=\"wp-block-separator has-alpha-channel-opacity\"\/>\n\n\n<div class=\"wp-block-image\">\n<figure class=\"alignleft\"><a href=\"http:\/\/www.navicom.nl\/wp-content\/uploads\/2020\/09\/Kraan-7-20.jpg\"><img loading=\"lazy\" decoding=\"async\" width=\"171\" height=\"300\" src=\"http:\/\/www.navicom.nl\/wp-content\/uploads\/2020\/09\/Kraan-7-20-171x300.jpg\" alt=\"\" class=\"wp-image-733\" srcset=\"http:\/\/www.navicom.nl\/wp-content\/uploads\/2020\/09\/Kraan-7-20-171x300.jpg 171w, http:\/\/www.navicom.nl\/wp-content\/uploads\/2020\/09\/Kraan-7-20-585x1024.jpg 585w, http:\/\/www.navicom.nl\/wp-content\/uploads\/2020\/09\/Kraan-7-20-768x1344.jpg 768w, http:\/\/www.navicom.nl\/wp-content\/uploads\/2020\/09\/Kraan-7-20-878x1536.jpg 878w, http:\/\/www.navicom.nl\/wp-content\/uploads\/2020\/09\/Kraan-7-20.jpg 1134w\" sizes=\"auto, (max-width: 171px) 100vw, 171px\" \/><\/a><\/figure>\n<\/div>\n\n\n<p>Boven in de giek van deze kraan hangt een camera die loodrecht naar beneden blijkt kijken zodat de machinist prima kan zien wat er buiten zijn gezichtsveld gebeurd.<\/p>\n\n\n\n<hr class=\"wp-block-separator has-alpha-channel-opacity\"\/>\n\n\n<div class=\"wp-block-image\">\n<figure class=\"alignleft\"><a href=\"http:\/\/www.navicom.nl\/wp-content\/uploads\/2020\/09\/Kilverbak2020.jpg\"><img loading=\"lazy\" decoding=\"async\" width=\"300\" height=\"230\" src=\"http:\/\/www.navicom.nl\/wp-content\/uploads\/2020\/09\/Kilverbak2020-300x230.jpg\" alt=\"\" class=\"wp-image-736\" srcset=\"http:\/\/www.navicom.nl\/wp-content\/uploads\/2020\/09\/Kilverbak2020-300x230.jpg 300w, http:\/\/www.navicom.nl\/wp-content\/uploads\/2020\/09\/Kilverbak2020-768x588.jpg 768w, http:\/\/www.navicom.nl\/wp-content\/uploads\/2020\/09\/Kilverbak2020.jpg 971w\" sizes=\"auto, (max-width: 300px) 100vw, 300px\" \/><\/a><\/figure>\n<\/div>\n\n\n<p>Om te voorkomen dat de bestuurder van deze tractor niet geregeld hoeft om te kijken of de kilverbak achter hem goed functioneert een camera en monitor in deze combinatie. Veilig en beter voor de nek van de bestuurder.<\/p>\n\n\n\n<p class=\"has-text-align-left\">&#8212;&#8212;&#8212;&#8212;&#8212;&#8212;&#8212;&#8212;&#8212;&#8212;&#8212;&#8212;&#8212;&#8212;&#8212;&#8212;&#8212;&#8212;&#8212;&#8212;&#8212;&#8212;&#8212;&#8212;&#8212;&#8212;&#8212;&#8212;&#8212;&#8212;<\/p>\n\n\n<div class=\"wp-block-image\">\n<figure class=\"alignleft\"><a href=\"http:\/\/www.navicom.nl\/wp-content\/uploads\/2012\/09\/Mobiele-betoncentrale.jpg\"><img loading=\"lazy\" decoding=\"async\" width=\"224\" height=\"300\" src=\"http:\/\/www.navicom.nl\/wp-content\/uploads\/2012\/09\/Mobiele-betoncentrale-224x300.jpg\" alt=\"\" class=\"wp-image-320\" title=\"Mobiele betoncentrale\" srcset=\"http:\/\/www.navicom.nl\/wp-content\/uploads\/2012\/09\/Mobiele-betoncentrale-224x300.jpg 224w, http:\/\/www.navicom.nl\/wp-content\/uploads\/2012\/09\/Mobiele-betoncentrale.jpg 480w\" sizes=\"auto, (max-width: 224px) 100vw, 224px\" \/><\/a><\/figure>\n<\/div>\n\n\n<p class=\"has-text-align-left\">Op de lopende banden van deze mobiele puinkraker hebben we 2 camera&#8217;s gemonteerd zodat de machinist in de gaten kan houden of het banden niet van de aandrijfrollen aflopen. In dat geval hebben ze namelijk een halve dag werk om het geheel weer te laten werken.<\/p>\n\n\n\n<p class=\"has-text-align-left\">&#8212;&#8212;&#8212;&#8212;&#8212;&#8212;&#8212;&#8212;&#8212;&#8212;&#8212;&#8212;&#8212;&#8212;&#8212;&#8212;&#8212;&#8212;&#8212;&#8212;&#8212;&#8212;&#8212;&#8212;&#8212;&#8212;&#8212;&#8212;&#8212;&#8212;&#8211;<\/p>\n\n\n\n<p>Als u aanvullende (prijs)informatie of een vrijblijvende demonstratie van onze producten op locatie wilt kunt u Navicom bereiken via <a href=\"mailto:info@navicom.nl\">info@navicom.nl<\/a>, een telefoontje naar 0521-342550 kan natuurlijk ook.<\/p>\n\n\n\n<p>Op alle leveringen en offertes zijn onze <a href=\"http:\/\/www.navicom.nl\/?page_id=445\">leveringsvoorwaarden<\/a> van toepassing.<\/p>\n","protected":false},"excerpt":{"rendered":"<p>Behalve voor het afdekken van een dode hoek worden camera&#8217;s ook veel gebruikt om tijdens het laden en lossen te kijken of het werk goed gedaan kan worden bijvoorbeeld tijdens het legen van een zandschip, niet altijd kan de machinist &hellip; <a href=\"http:\/\/www.navicom.nl\/?page_id=428\">Lees verder <span class=\"meta-nav\">&rarr;<\/span><\/a><\/p>\n","protected":false},"author":1,"featured_media":0,"parent":106,"menu_order":2,"comment_status":"closed","ping_status":"open","template":"","meta":{"om_disable_all_campaigns":false,"_monsterinsights_skip_tracking":false,"_monsterinsights_sitenote_active":false,"_monsterinsights_sitenote_note":"","_monsterinsights_sitenote_category":0,"footnotes":""},"class_list":["post-428","page","type-page","status-publish","hentry"],"aioseo_notices":[],"_links":{"self":[{"href":"http:\/\/www.navicom.nl\/index.php?rest_route=\/wp\/v2\/pages\/428","targetHints":{"allow":["GET"]}}],"collection":[{"href":"http:\/\/www.navicom.nl\/index.php?rest_route=\/wp\/v2\/pages"}],"about":[{"href":"http:\/\/www.navicom.nl\/index.php?rest_route=\/wp\/v2\/types\/page"}],"author":[{"embeddable":true,"href":"http:\/\/www.navicom.nl\/index.php?rest_route=\/wp\/v2\/users\/1"}],"replies":[{"embeddable":true,"href":"http:\/\/www.navicom.nl\/index.php?rest_route=%2Fwp%2Fv2%2Fcomments&post=428"}],"version-history":[{"count":15,"href":"http:\/\/www.navicom.nl\/index.php?rest_route=\/wp\/v2\/pages\/428\/revisions"}],"predecessor-version":[{"id":808,"href":"http:\/\/www.navicom.nl\/index.php?rest_route=\/wp\/v2\/pages\/428\/revisions\/808"}],"up":[{"embeddable":true,"href":"http:\/\/www.navicom.nl\/index.php?rest_route=\/wp\/v2\/pages\/106"}],"wp:attachment":[{"href":"http:\/\/www.navicom.nl\/index.php?rest_route=%2Fwp%2Fv2%2Fmedia&parent=428"}],"curies":[{"name":"wp","href":"https:\/\/api.w.org\/{rel}","templated":true}]}}